{"id":1480,"date":"2021-12-09T12:14:21","date_gmt":"2021-12-09T11:14:21","guid":{"rendered":"https:\/\/cms.sajaberlin.com\/?page_id=1480"},"modified":"2022-02-17T12:05:53","modified_gmt":"2022-02-17T11:05:53","slug":"impressum","status":"publish","type":"page","link":"https:\/\/sajaberlin.com\/pt\/imprimir\/","title":{"rendered":"Impresso"},"content":{"rendered":"<div data-elementor-type=\"wp-page\" data-elementor-id=\"1480\" class=\"elementor elementor-1480\" data-elementor-settings=\"{&quot;ha_cmc_init_switcher&quot;:&quot;no&quot;}\" data-elementor-post-type=\"page\">\n\t\t\t\t\t\t<section class=\"elementor-section elementor-top-section elementor-element elementor-element-00d6321 elementor-section-boxed elementor-section-height-default elementor-section-height-default\" data-id=\"00d6321\" data-element_type=\"section\" data-settings=\"{&quot;background_background&quot;:&quot;classic&quot;}\">\n\t\t\t\t\t\t\t<div class=\"elementor-background-overlay\"><\/div>\n\t\t\t\t\t\t\t<div class=\"elementor-container elementor-column-gap-default\">\n\t\t\t\t\t<div class=\"elementor-column elementor-col-100 elementor-top-column elementor-element elementor-element-6f90df67\" data-id=\"6f90df67\" data-element_type=\"column\">\n\t\t\t<div class=\"elementor-widget-wrap elementor-element-populated\">\n\t\t\t\t\t\t<div class=\"elementor-element elementor-element-faf6840 elementor-widget__width-initial elementor-absolute elementor-widget-tablet__width-initial elementor-widget elementor-widget-spacer\" data-id=\"faf6840\" data-element_type=\"widget\" data-settings=\"{&quot;_position&quot;:&quot;absolute&quot;}\" data-widget_type=\"spacer.default\">\n\t\t\t\t<div class=\"elementor-widget-container\">\n\t\t\t\t\t\t\t<div class=\"elementor-spacer\">\n\t\t\t<div class=\"elementor-spacer-inner\"><\/div>\n\t\t<\/div>\n\t\t\t\t\t\t<\/div>\n\t\t\t\t<\/div>\n\t\t\t\t<div class=\"elementor-element elementor-element-21734d65 elementor-widget elementor-widget-heading\" data-id=\"21734d65\" data-element_type=\"widget\" data-widget_type=\"heading.default\">\n\t\t\t\t<div class=\"elementor-widget-container\">\n\t\t\t\t\t<h2 class=\"elementor-heading-title elementor-size-default\">SAJA e.V.<\/h2>\t\t\t\t<\/div>\n\t\t\t\t<\/div>\n\t\t\t\t<div class=\"elementor-element elementor-element-55b6d64c elementor-widget elementor-widget-heading\" data-id=\"55b6d64c\" data-element_type=\"widget\" data-widget_type=\"heading.default\">\n\t\t\t\t<div class=\"elementor-widget-container\">\n\t\t\t\t\t<h1 class=\"elementor-heading-title elementor-size-default\">Impresso<\/h1>\t\t\t\t<\/div>\n\t\t\t\t<\/div>\n\t\t\t\t\t<\/div>\n\t\t<\/div>\n\t\t\t\t\t<\/div>\n\t\t<\/section>\n\t\t\t\t<section class=\"elementor-section elementor-top-section elementor-element elementor-element-459b37c elementor-section-boxed elementor-section-height-default elementor-section-height-default\" data-id=\"459b37c\" data-element_type=\"section\" data-settings=\"{&quot;background_background&quot;:&quot;classic&quot;}\">\n\t\t\t\t\t\t<div class=\"elementor-container elementor-column-gap-default\">\n\t\t\t\t\t<div class=\"elementor-column elementor-col-100 elementor-top-column elementor-element elementor-element-1664565\" data-id=\"1664565\" data-element_type=\"column\">\n\t\t\t<div class=\"elementor-widget-wrap elementor-element-populated\">\n\t\t\t\t\t\t<div class=\"elementor-element elementor-element-2dc7897 elementor-widget elementor-widget-text-editor\" data-id=\"2dc7897\" data-element_type=\"widget\" data-widget_type=\"text-editor.default\">\n\t\t\t\t<div class=\"elementor-widget-container\">\n\t\t\t\t\t\t\t\t\t<h3>Informa\u00e7\u00f5es de acordo com o \u00a7 5 TMG<\/h3><p>SAJA e.V.<br \/>Christina Deichler<br \/>Herschelstr. 3<br \/>10589 Berlim<\/p><p>Registro de associa\u00e7\u00f5es: VR 26273 B<br \/>Tribunal de registro: Tribunal local de Charlottenburg<\/p><p><strong>Representado por:<\/strong><br \/>Christina Deichler (Presidente do Conselho)<br \/>Jocelia Schaldach (Vice-presidente)<\/p><h3>Contato<\/h3><p>Telefone: +49 (0)157 81926843<br \/>E-mail: info@sajaberlin.com<\/p><h3>Editorialmente respons\u00e1vel<\/h3><p>Christina Deichler<\/p><h3>Resolu\u00e7\u00e3o de disputas de consumidores\/ conselho de arbitragem universal<\/h3><p>N\u00e3o estamos dispostos ou obrigados a participar dos procedimentos de resolu\u00e7\u00e3o de disputas perante uma comiss\u00e3o de arbitragem de consumidores.<\/p><p>Fonte:\u00a0<a href=\"https:\/\/www.e-recht24.de\/\" target=\"_blank\" rel=\"noopener\">eRecht24<\/a><\/p><p>Como somos uma organiza\u00e7\u00e3o sem fins lucrativos, emitimos recibos de doa\u00e7\u00e3o que s\u00e3o dedut\u00edveis nos impostos.<\/p><h3>Ren\u00fancia de responsabilidade:<\/h3><div>\u00a0<\/div><h4>Responsabilidade pelo conte\u00fado<\/h4><p>O conte\u00fado de nossas p\u00e1ginas foi criado com o maior cuidado. No entanto, n\u00e3o podemos garantir a exatid\u00e3o, a completude e a atualidade do conte\u00fado. Como prestador de servi\u00e7os, somos respons\u00e1veis por nosso pr\u00f3prio conte\u00fado nessas p\u00e1ginas, de acordo com as leis gerais de acordo com a Se\u00e7\u00e3o 7 (1) da Lei alem\u00e3 de Telemedia (TMG). Entretanto, de acordo com os \u00a7\u00a7 8 a 10 TMG, n\u00e3o somos obrigados como prestadores de servi\u00e7os a monitorar informa\u00e7\u00f5es transmitidas ou armazenadas de terceiros ou a investigar circunst\u00e2ncias que indiquem atividade ilegal. As obriga\u00e7\u00f5es de remover ou bloquear o uso de informa\u00e7\u00f5es de acordo com as leis gerais n\u00e3o s\u00e3o afetadas por isso.<br \/>No entanto, a responsabilidade a esse respeito s\u00f3 \u00e9 poss\u00edvel a partir do momento em que se tem conhecimento de uma infra\u00e7\u00e3o concreta. Se tomarmos conhecimento de viola\u00e7\u00f5es correspondentes, removeremos imediatamente esse conte\u00fado.<\/p><h4>Responsabilidade pelos links<\/h4><p>Nossa oferta cont\u00e9m links para websites externos de terceiros, sobre cujo conte\u00fado n\u00e3o temos influ\u00eancia. Portanto, n\u00e3o podemos assumir qualquer responsabilidade por esses conte\u00fados externos. O respectivo provedor ou operador das p\u00e1ginas \u00e9 sempre respons\u00e1vel pelo conte\u00fado das p\u00e1ginas vinculadas.<br \/>As p\u00e1ginas ligadas foram verificadas quanto a poss\u00edveis viola\u00e7\u00f5es legais no momento da liga\u00e7\u00e3o.<br \/>O conte\u00fado ilegal n\u00e3o era reconhec\u00edvel no momento da liga\u00e7\u00e3o. Entretanto, o monitoramento permanente do conte\u00fado das p\u00e1ginas vinculadas n\u00e3o \u00e9 poss\u00edvel sem provas concretas de uma infra\u00e7\u00e3o.<br \/>A infra\u00e7\u00e3o n\u00e3o \u00e9 razo\u00e1vel. Se tomarmos conhecimento de alguma infra\u00e7\u00e3o, removeremos imediatamente tais liga\u00e7\u00f5es.<\/p><h4>Direitos autorais<\/h4><p>O conte\u00fado e as obras criadas pelos operadores do site nessas p\u00e1ginas est\u00e3o sujeitos \u00e0 lei alem\u00e3 de direitos autorais. A duplica\u00e7\u00e3o, processamento, distribui\u00e7\u00e3o e qualquer tipo de explora\u00e7\u00e3o fora dos limites da lei de direitos autorais exigem o consentimento por escrito do respectivo autor ou criador. Os downloads e c\u00f3pias deste site s\u00f3 s\u00e3o permitidos para uso privado e n\u00e3o comercial. Na medida em que o conte\u00fado deste site n\u00e3o foi criado pelo operador, os direitos autorais de terceiros s\u00e3o respeitados. Em particular, o conte\u00fado de terceiros \u00e9 marcado como tal. Caso o senhor tenha conhecimento de uma viola\u00e7\u00e3o de direitos autorais, queira nos informar de acordo. Se tomarmos conhecimento de alguma infra\u00e7\u00e3o, removeremos imediatamente esse conte\u00fado.<\/p><h4>Prote\u00e7\u00e3o de dados<\/h4><p>O uso do nosso website \u00e9 geralmente poss\u00edvel sem o fornecimento de dados pessoais.<br \/>Na medida em que dados pessoais (por exemplo, nome, endere\u00e7o ou endere\u00e7o de e-mail) s\u00e3o coletados em nossas p\u00e1ginas, isso \u00e9 sempre feito de forma volunt\u00e1ria, na medida do poss\u00edvel. Esses dados n\u00e3o ser\u00e3o transmitidos a terceiros sem o consentimento expresso do senhor.<br \/>Gostar\u00edamos de salientar que a transmiss\u00e3o de dados na Internet (por exemplo, comunica\u00e7\u00e3o por e-mail) pode ter lacunas de seguran\u00e7a. N\u00e3o \u00e9 poss\u00edvel a prote\u00e7\u00e3o completa dos dados contra o acesso de terceiros.<br \/>\u00c9 expressamente proibido o uso de dados de contato publicados no \u00e2mbito da obriga\u00e7\u00e3o de impress\u00e3o por terceiros para o envio de material publicit\u00e1rio e informativo n\u00e3o expressamente solicitado. Os operadores das p\u00e1ginas se reservam expressamente o direito de tomar medidas legais no caso de envio n\u00e3o solicitado de informa\u00e7\u00f5es publicit\u00e1rias, por exemplo, atrav\u00e9s de e-mails de spam.<\/p>\t\t\t\t\t\t\t\t<\/div>\n\t\t\t\t<\/div>\n\t\t\t\t\t<\/div>\n\t\t<\/div>\n\t\t\t\t\t<\/div>\n\t\t<\/section>\n\t\t\t\t<\/div>","protected":false},"excerpt":{"rendered":"<p>SAJA e.V. Impresso Informa\u00e7\u00f5es de acordo com \u00a7 5 TMG SAJA e.V.Christina DeichlerHerschelstr. 310589 Berlin Register of Associations: VR 26273 BRegistergericht: Amtsgericht Charlottenburg Representada por:Christina Deichler (Presidente)Jocelia Schaldach (Vice-presidente)Telefone de contato: +49 (0)157 81926843Email: info@sajaberlin.com Respons\u00e1vel editorial Christina Deichler Resolu\u00e7\u00e3o de disputas de consumidores\/Conselho de arbitragem universal N\u00e3o estamos dispostos ou obrigados a participar de procedimentos de resolu\u00e7\u00e3o de disputas perante um conselho de arbitragem de consumidores. Fonte: eRecht24 Como somos uma organiza\u00e7\u00e3o sem fins lucrativos, [...]<\/p>","protected":false},"author":1,"featured_media":0,"parent":0,"menu_order":0,"comment_status":"closed","ping_status":"closed","template":"","meta":{"site-sidebar-layout":"no-sidebar","site-content-layout":"page-builder","ast-site-content-layout":"default","site-content-style":"default","site-sidebar-style":"default","ast-global-header-display":"","ast-banner-title-visibility":"","ast-main-header-display":"","ast-hfb-above-header-display":"","ast-hfb-below-header-display":"","ast-hfb-mobile-header-display":"","site-post-title":"disabled","ast-breadcrumbs-content":"","ast-featured-img":"disabled","footer-sml-layout":"","theme-transparent-header-meta":"","adv-header-id-meta":"","stick-header-meta":"","header-above-stick-meta":"","header-main-stick-meta":"","header-below-stick-meta":"","astra-migrate-meta-layouts":"default","ast-page-background-enabled":"default","ast-page-background-meta":{"desktop":{"background-color":"var(--ast-global-color-4)","background-image":"","background-repeat":"repeat","background-position":"center center","background-size":"auto","background-attachment":"scroll","background-type":"","background-media":"","overlay-type":"","overlay-color":"","overlay-opacity":"","overlay-gradient":""},"tablet":{"background-color":"","background-image":"","background-repeat":"repeat","background-position":"center center","background-size":"auto","background-attachment":"scroll","background-type":"","background-media":"","overlay-type":"","overlay-color":"","overlay-opacity":"","overlay-gradient":""},"mobile":{"background-color":"","background-image":"","background-repeat":"repeat","background-position":"center center","background-size":"auto","background-attachment":"scroll","background-type":"","background-media":"","overlay-type":"","overlay-color":"","overlay-opacity":"","overlay-gradient":""}},"ast-content-background-meta":{"desktop":{"background-color":"var(--ast-global-color-5)","background-image":"","background-repeat":"repeat","background-position":"center center","background-size":"auto","background-attachment":"scroll","background-type":"","background-media":"","overlay-type":"","overlay-color":"","overlay-opacity":"","overlay-gradient":""},"tablet":{"background-color":"var(--ast-global-color-5)","background-image":"","background-repeat":"repeat","background-position":"center center","background-size":"auto","background-attachment":"scroll","background-type":"","background-media":"","overlay-type":"","overlay-color":"","overlay-opacity":"","overlay-gradient":""},"mobile":{"background-color":"var(--ast-global-color-5)","background-image":"","background-repeat":"repeat","background-position":"center center","background-size":"auto","background-attachment":"scroll","background-type":"","background-media":"","overlay-type":"","overlay-color":"","overlay-opacity":"","overlay-gradient":""}},"footnotes":""},"class_list":["post-1480","page","type-page","status-publish","hentry"],"_links":{"self":[{"href":"https:\/\/sajaberlin.com\/pt\/wp-json\/wp\/v2\/pages\/1480","targetHints":{"allow":["GET"]}}],"collection":[{"href":"https:\/\/sajaberlin.com\/pt\/wp-json\/wp\/v2\/pages"}],"about":[{"href":"https:\/\/sajaberlin.com\/pt\/wp-json\/wp\/v2\/types\/page"}],"author":[{"embeddable":true,"href":"https:\/\/sajaberlin.com\/pt\/wp-json\/wp\/v2\/users\/1"}],"replies":[{"embeddable":true,"href":"https:\/\/sajaberlin.com\/pt\/wp-json\/wp\/v2\/comments?post=1480"}],"version-history":[{"count":10,"href":"https:\/\/sajaberlin.com\/pt\/wp-json\/wp\/v2\/pages\/1480\/revisions"}],"predecessor-version":[{"id":2360,"href":"https:\/\/sajaberlin.com\/pt\/wp-json\/wp\/v2\/pages\/1480\/revisions\/2360"}],"wp:attachment":[{"href":"https:\/\/sajaberlin.com\/pt\/wp-json\/wp\/v2\/media?parent=1480"}],"curies":[{"name":"wp","href":"https:\/\/api.w.org\/{rel}","templated":true}]}}