{"id":2886,"date":"2024-02-13T17:43:43","date_gmt":"2024-02-13T16:43:43","guid":{"rendered":"https:\/\/sajaberlin.com\/?page_id=2886"},"modified":"2025-11-29T00:38:41","modified_gmt":"2025-11-28T23:38:41","slug":"unterstuetzung","status":"publish","type":"page","link":"https:\/\/sajaberlin.com\/pt\/sobre-nos\/","title":{"rendered":"Torne-se um membro"},"content":{"rendered":"<div data-elementor-type=\"wp-page\" data-elementor-id=\"2886\" class=\"elementor elementor-2886\" data-elementor-settings=\"{&quot;ha_cmc_init_switcher&quot;:&quot;no&quot;}\" data-elementor-post-type=\"page\">\n\t\t\t\t\t\t<section class=\"elementor-section elementor-top-section elementor-element elementor-element-426e7c3 elementor-section-boxed elementor-section-height-default elementor-section-height-default\" data-id=\"426e7c3\" data-element_type=\"section\" data-settings=\"{&quot;background_background&quot;:&quot;classic&quot;}\">\n\t\t\t\t\t\t\t<div class=\"elementor-background-overlay\"><\/div>\n\t\t\t\t\t\t\t<div class=\"elementor-container elementor-column-gap-default\">\n\t\t\t\t\t<div class=\"elementor-column elementor-col-100 elementor-top-column elementor-element elementor-element-1c0a558a\" data-id=\"1c0a558a\" data-element_type=\"column\">\n\t\t\t<div class=\"elementor-widget-wrap elementor-element-populated\">\n\t\t\t\t\t\t<div class=\"elementor-element elementor-element-4e39bd2d elementor-widget__width-initial elementor-absolute elementor-widget-tablet__width-initial elementor-widget elementor-widget-spacer\" data-id=\"4e39bd2d\" data-element_type=\"widget\" data-settings=\"{&quot;_position&quot;:&quot;absolute&quot;}\" data-widget_type=\"spacer.default\">\n\t\t\t\t<div class=\"elementor-widget-container\">\n\t\t\t\t\t\t\t<div class=\"elementor-spacer\">\n\t\t\t<div class=\"elementor-spacer-inner\"><\/div>\n\t\t<\/div>\n\t\t\t\t\t\t<\/div>\n\t\t\t\t<\/div>\n\t\t\t\t<div class=\"elementor-element elementor-element-36e5eb7c elementor-widget elementor-widget-heading\" data-id=\"36e5eb7c\" data-element_type=\"widget\" data-widget_type=\"heading.default\">\n\t\t\t\t<div class=\"elementor-widget-container\">\n\t\t\t\t\t<h5 class=\"elementor-heading-title elementor-size-default\">SAJA e.V.<\/h5>\t\t\t\t<\/div>\n\t\t\t\t<\/div>\n\t\t\t\t<div class=\"elementor-element elementor-element-712fd6d1 elementor-widget elementor-widget-heading\" data-id=\"712fd6d1\" data-element_type=\"widget\" data-widget_type=\"heading.default\">\n\t\t\t\t<div class=\"elementor-widget-container\">\n\t\t\t\t\t<h1 class=\"elementor-heading-title elementor-size-default\">Torne-se um membro<\/h1>\t\t\t\t<\/div>\n\t\t\t\t<\/div>\n\t\t\t\t\t<\/div>\n\t\t<\/div>\n\t\t\t\t\t<\/div>\n\t\t<\/section>\n\t\t\t\t<section class=\"elementor-section elementor-top-section elementor-element elementor-element-5737f572 elementor-section-content-middle elementor-section-boxed elementor-section-height-default elementor-section-height-default\" data-id=\"5737f572\" data-element_type=\"section\" data-settings=\"{&quot;background_background&quot;:&quot;classic&quot;}\">\n\t\t\t\t\t\t<div class=\"elementor-container elementor-column-gap-no\">\n\t\t\t\t\t<div class=\"elementor-column elementor-col-100 elementor-top-column elementor-element elementor-element-239b8a58\" data-id=\"239b8a58\" data-element_type=\"column\">\n\t\t\t<div class=\"elementor-widget-wrap elementor-element-populated\">\n\t\t\t\t\t\t<div class=\"elementor-element elementor-element-52727d3 elementor-widget elementor-widget-heading\" data-id=\"52727d3\" data-element_type=\"widget\" data-widget_type=\"heading.default\">\n\t\t\t\t<div class=\"elementor-widget-container\">\n\t\t\t\t\t<h5 class=\"elementor-heading-title elementor-size-default\">SAJA e.V.<\/h5>\t\t\t\t<\/div>\n\t\t\t\t<\/div>\n\t\t\t\t<div class=\"elementor-element elementor-element-16ccfa1a elementor-widget elementor-widget-heading\" data-id=\"16ccfa1a\" data-element_type=\"widget\" data-widget_type=\"heading.default\">\n\t\t\t\t<div class=\"elementor-widget-container\">\n\t\t\t\t\t<h2 class=\"elementor-heading-title elementor-size-default\">Seu apoio \u00e9 fundamental<\/h2>\t\t\t\t<\/div>\n\t\t\t\t<\/div>\n\t\t\t\t<div class=\"elementor-element elementor-element-aa21f56 elementor-widget__width-initial elementor-widget elementor-widget-text-editor\" data-id=\"aa21f56\" data-element_type=\"widget\" data-widget_type=\"text-editor.default\">\n\t\t\t\t<div class=\"elementor-widget-container\">\n\t\t\t\t\t\t\t\t\t<h5><strong><span style=\"color: var( --e-global-color-primary ); font-family: var( --e-global-typography-text-font-family ), Sans-serif; background-color: var( --e-global-color-secondary );\">O que voc\u00ea pode fazer por n\u00f3s?<\/span><\/strong><\/h5>\n<p>Nos alegramos com a presen\u00e7a de todos que queiram participar conosco. Esse \u00e9 um espa\u00e7o m\u00faltiplo e diverso!&nbsp;<\/p>\n<p><strong>Todos os trabalhadores do Saja o fazem de forma volunt\u00e1ria<\/strong>. Se voc\u00ea quiser se torna uma pessoa volunt\u00e1ria, ser\u00e1 um prazer de ter conosco.<\/p>\n<p>Al\u00e9m disso e apesar de sermos uma associa\u00e7\u00e3o sem fins lucrativos, possu\u00edmos despesas administrativas e para a realiza\u00e7\u00e3o de nossas atividades assistenciais.<br>N\u00f3s nos mantemos com as doa\u00e7\u00f5es financeiras de nossos participantes.&nbsp;<\/p>\n<p>Caso tenha interesse em nos <strong>ajudar financeiramente<\/strong>, \u00e9 poss\u00edvel <a href=\"https:\/\/sajaberlin.com\/pt\/sobre-nos\/membro\/\"><strong>tornar-se membro.<\/strong><\/a>&nbsp;A taxa de associa\u00e7\u00e3o \u00e9 volunt\u00e1ria e pode ser ajustada de acordo com os recursos financeiros pessoais.&nbsp;<b>Para orienta\u00e7\u00e3o:<\/b> Atualmente, uma contribui\u00e7\u00e3o mensal m\u00e9dia de cerca de 40 euros por membro seria o valor adequado para cobrir os custos operacionais (aluguel, aquecimento, \u00e1gua, etc.).<\/p>\n<p>Se prefirir, pode tamb\u00e9m fazer doa\u00e7\u00e3o diretamente na conta banc\u00e1ria do Saja (abaixo) ou na caixinha de doa\u00e7\u00f5es no local.<\/p>\n<p>Em caso de d\u00favida, entre em contato conosco. Nossos volunt\u00e1rios ficar\u00e3o felizes em ajudar.<\/p>\n<p><b>Dados banc\u00e1rios:<br><\/b>Studien- und Arbeitsgruppe Joanna de Angelis e.V. (SAJA e.V.)<br><strong><i>Banco: Berliner Sparkasse<\/i><\/strong><br><em><strong>IBAN<\/strong><\/em>: DE 6010 0500 0001 9102 9998<br><strong><em>BIC<\/em><\/strong>: BELADEBEXXX<\/p>\n<p><strong>O Saja agradece imensamente sua contribui\u00e7\u00e3o e disponibilidade.<\/strong><\/p>\t\t\t\t\t\t\t\t<\/div>\n\t\t\t\t<\/div>\n\t\t\t\t\t<\/div>\n\t\t<\/div>\n\t\t\t\t\t<\/div>\n\t\t<\/section>\n\t\t\t\t<section class=\"elementor-section elementor-top-section elementor-element elementor-element-6e16ffff elementor-section-boxed elementor-section-height-default elementor-section-height-default\" data-id=\"6e16ffff\" data-element_type=\"section\" data-settings=\"{&quot;background_background&quot;:&quot;classic&quot;}\">\n\t\t\t\t\t\t\t<div class=\"elementor-background-overlay\"><\/div>\n\t\t\t\t\t\t\t<div class=\"elementor-container elementor-column-gap-default\">\n\t\t\t\t\t<div class=\"elementor-column elementor-col-100 elementor-top-column elementor-element elementor-element-38279eac\" data-id=\"38279eac\" data-element_type=\"column\">\n\t\t\t<div class=\"elementor-widget-wrap elementor-element-populated\">\n\t\t\t\t\t\t<div class=\"elementor-element elementor-element-472dd5c2 elementor-widget elementor-widget-heading\" data-id=\"472dd5c2\" data-element_type=\"widget\" data-widget_type=\"heading.default\">\n\t\t\t\t<div class=\"elementor-widget-container\">\n\t\t\t\t\t<h4 class=\"elementor-heading-title elementor-size-default\">\"O Espiritismo \u00e9 uma ci\u00eancia que explora a natureza, a origem e o destino dos esp\u00edritos, bem como sua rela\u00e7\u00e3o com o mundo f\u00edsico.\"\n<\/h4>\t\t\t\t<\/div>\n\t\t\t\t<\/div>\n\t\t\t\t<div class=\"elementor-element elementor-element-25359a1d elementor-widget elementor-widget-heading\" data-id=\"25359a1d\" data-element_type=\"widget\" data-widget_type=\"heading.default\">\n\t\t\t\t<div class=\"elementor-widget-container\">\n\t\t\t\t\t<h4 class=\"elementor-heading-title elementor-size-default\">Allan Kardec<\/h4>\t\t\t\t<\/div>\n\t\t\t\t<\/div>\n\t\t\t\t<div class=\"elementor-element elementor-element-c4d2704 elementor-widget__width-initial elementor-absolute elementor-widget elementor-widget-spacer\" data-id=\"c4d2704\" data-element_type=\"widget\" data-settings=\"{&quot;_position&quot;:&quot;absolute&quot;}\" data-widget_type=\"spacer.default\">\n\t\t\t\t<div class=\"elementor-widget-container\">\n\t\t\t\t\t\t\t<div class=\"elementor-spacer\">\n\t\t\t<div class=\"elementor-spacer-inner\"><\/div>\n\t\t<\/div>\n\t\t\t\t\t\t<\/div>\n\t\t\t\t<\/div>\n\t\t\t\t\t<\/div>\n\t\t<\/div>\n\t\t\t\t\t<\/div>\n\t\t<\/section>\n\t\t\t\t<\/div>","protected":false},"excerpt":{"rendered":"<p>SAJA e.V. Torne-se um membro SAJA e.V. Seu apoio conta O que o senhor pode fazer por n\u00f3s? Ficamos felizes em receber qualquer pessoa que queira se juntar a n\u00f3s. Esta \u00e9 uma \u00e1rea diversificada e variada!  Todos os funcion\u00e1rios da Saja trabalham de forma volunt\u00e1ria. Se o(a) senhor(a) quiser ser volunt\u00e1rio(a), ser\u00e1 um prazer receb\u00ea-lo(a). Apesar do fato de que [...]<\/p>","protected":false},"author":5,"featured_media":0,"parent":0,"menu_order":0,"comment_status":"closed","ping_status":"closed","template":"","meta":{"site-sidebar-layout":"no-sidebar","site-content-layout":"page-builder","ast-site-content-layout":"default","site-content-style":"default","site-sidebar-style":"default","ast-global-header-display":"","ast-banner-title-visibility":"","ast-main-header-display":"","ast-hfb-above-header-display":"","ast-hfb-below-header-display":"","ast-hfb-mobile-header-display":"","site-post-title":"disabled","ast-breadcrumbs-content":"","ast-featured-img":"disabled","footer-sml-layout":"","theme-transparent-header-meta":"","adv-header-id-meta":"","stick-header-meta":"","header-above-stick-meta":"","header-main-stick-meta":"","header-below-stick-meta":"","astra-migrate-meta-layouts":"default","ast-page-background-enabled":"default","ast-page-background-meta":{"desktop":{"background-color":"var(--ast-global-color-4)","background-image":"","background-repeat":"repeat","background-position":"center center","background-size":"auto","background-attachment":"scroll","background-type":"","background-media":"","overlay-type":"","overlay-color":"","overlay-opacity":"","overlay-gradient":""},"tablet":{"background-color":"","background-image":"","background-repeat":"repeat","background-position":"center center","background-size":"auto","background-attachment":"scroll","background-type":"","background-media":"","overlay-type":"","overlay-color":"","overlay-opacity":"","overlay-gradient":""},"mobile":{"background-color":"","background-image":"","background-repeat":"repeat","background-position":"center center","background-size":"auto","background-attachment":"scroll","background-type":"","background-media":"","overlay-type":"","overlay-color":"","overlay-opacity":"","overlay-gradient":""}},"ast-content-background-meta":{"desktop":{"background-color":"var(--ast-global-color-5)","background-image":"","background-repeat":"repeat","background-position":"center center","background-size":"auto","background-attachment":"scroll","background-type":"","background-media":"","overlay-type":"","overlay-color":"","overlay-opacity":"","overlay-gradient":""},"tablet":{"background-color":"var(--ast-global-color-5)","background-image":"","background-repeat":"repeat","background-position":"center center","background-size":"auto","background-attachment":"scroll","background-type":"","background-media":"","overlay-type":"","overlay-color":"","overlay-opacity":"","overlay-gradient":""},"mobile":{"background-color":"var(--ast-global-color-5)","background-image":"","background-repeat":"repeat","background-position":"center center","background-size":"auto","background-attachment":"scroll","background-type":"","background-media":"","overlay-type":"","overlay-color":"","overlay-opacity":"","overlay-gradient":""}},"footnotes":""},"class_list":["post-2886","page","type-page","status-publish","hentry"],"_links":{"self":[{"href":"https:\/\/sajaberlin.com\/pt\/wp-json\/wp\/v2\/pages\/2886","targetHints":{"allow":["GET"]}}],"collection":[{"href":"https:\/\/sajaberlin.com\/pt\/wp-json\/wp\/v2\/pages"}],"about":[{"href":"https:\/\/sajaberlin.com\/pt\/wp-json\/wp\/v2\/types\/page"}],"author":[{"embeddable":true,"href":"https:\/\/sajaberlin.com\/pt\/wp-json\/wp\/v2\/users\/5"}],"replies":[{"embeddable":true,"href":"https:\/\/sajaberlin.com\/pt\/wp-json\/wp\/v2\/comments?post=2886"}],"version-history":[{"count":10,"href":"https:\/\/sajaberlin.com\/pt\/wp-json\/wp\/v2\/pages\/2886\/revisions"}],"predecessor-version":[{"id":3472,"href":"https:\/\/sajaberlin.com\/pt\/wp-json\/wp\/v2\/pages\/2886\/revisions\/3472"}],"wp:attachment":[{"href":"https:\/\/sajaberlin.com\/pt\/wp-json\/wp\/v2\/media?parent=2886"}],"curies":[{"name":"wp","href":"https:\/\/api.w.org\/{rel}","templated":true}]}}