{"id":820,"date":"2021-11-25T17:17:04","date_gmt":"2021-11-25T16:17:04","guid":{"rendered":"https:\/\/cms.sajaberlin.com\/?page_id=820"},"modified":"2025-08-25T17:47:08","modified_gmt":"2025-08-25T15:47:08","slug":"ueber","status":"publish","type":"page","link":"https:\/\/sajaberlin.com\/pt\/via\/","title":{"rendered":"Sobre"},"content":{"rendered":"<div data-elementor-type=\"wp-page\" data-elementor-id=\"820\" class=\"elementor elementor-820\" data-elementor-settings=\"{&quot;ha_cmc_init_switcher&quot;:&quot;no&quot;}\" data-elementor-post-type=\"page\">\n\t\t\t\t\t\t<section class=\"elementor-section elementor-top-section elementor-element elementor-element-8ec64db elementor-section-boxed elementor-section-height-default elementor-section-height-default\" data-id=\"8ec64db\" data-element_type=\"section\" data-settings=\"{&quot;background_background&quot;:&quot;classic&quot;}\">\n\t\t\t\t\t\t\t<div class=\"elementor-background-overlay\"><\/div>\n\t\t\t\t\t\t\t<div class=\"elementor-container elementor-column-gap-default\">\n\t\t\t\t\t<div class=\"elementor-column elementor-col-100 elementor-top-column elementor-element elementor-element-4953a3b0\" data-id=\"4953a3b0\" data-element_type=\"column\">\n\t\t\t<div class=\"elementor-widget-wrap elementor-element-populated\">\n\t\t\t\t\t\t<div class=\"elementor-element elementor-element-658b81a2 elementor-widget__width-initial elementor-absolute elementor-widget-tablet__width-initial elementor-widget elementor-widget-spacer\" data-id=\"658b81a2\" data-element_type=\"widget\" data-settings=\"{&quot;_position&quot;:&quot;absolute&quot;}\" data-widget_type=\"spacer.default\">\n\t\t\t\t<div class=\"elementor-widget-container\">\n\t\t\t\t\t\t\t<div class=\"elementor-spacer\">\n\t\t\t<div class=\"elementor-spacer-inner\"><\/div>\n\t\t<\/div>\n\t\t\t\t\t\t<\/div>\n\t\t\t\t<\/div>\n\t\t\t\t<div class=\"elementor-element elementor-element-25d5de81 elementor-widget elementor-widget-heading\" data-id=\"25d5de81\" data-element_type=\"widget\" data-widget_type=\"heading.default\">\n\t\t\t\t<div class=\"elementor-widget-container\">\n\t\t\t\t\t<h5 class=\"elementor-heading-title elementor-size-default\">SAJA e.V.<\/h5>\t\t\t\t<\/div>\n\t\t\t\t<\/div>\n\t\t\t\t<div class=\"elementor-element elementor-element-569e99a0 elementor-widget elementor-widget-heading\" data-id=\"569e99a0\" data-element_type=\"widget\" data-widget_type=\"heading.default\">\n\t\t\t\t<div class=\"elementor-widget-container\">\n\t\t\t\t\t<h1 class=\"elementor-heading-title elementor-size-default\">Sobre<\/h1>\t\t\t\t<\/div>\n\t\t\t\t<\/div>\n\t\t\t\t\t<\/div>\n\t\t<\/div>\n\t\t\t\t\t<\/div>\n\t\t<\/section>\n\t\t\t\t<section class=\"elementor-section elementor-top-section elementor-element elementor-element-5737f572 elementor-section-content-middle elementor-section-boxed elementor-section-height-default elementor-section-height-default\" data-id=\"5737f572\" data-element_type=\"section\" data-settings=\"{&quot;background_background&quot;:&quot;classic&quot;}\">\n\t\t\t\t\t\t<div class=\"elementor-container elementor-column-gap-no\">\n\t\t\t\t\t<div class=\"elementor-column elementor-col-100 elementor-top-column elementor-element elementor-element-239b8a58\" data-id=\"239b8a58\" data-element_type=\"column\">\n\t\t\t<div class=\"elementor-widget-wrap elementor-element-populated\">\n\t\t\t\t\t\t<div class=\"elementor-element elementor-element-52727d3 elementor-widget elementor-widget-heading\" data-id=\"52727d3\" data-element_type=\"widget\" data-widget_type=\"heading.default\">\n\t\t\t\t<div class=\"elementor-widget-container\">\n\t\t\t\t\t<h5 class=\"elementor-heading-title elementor-size-default\">SAJA e.V.<\/h5>\t\t\t\t<\/div>\n\t\t\t\t<\/div>\n\t\t\t\t<div class=\"elementor-element elementor-element-16ccfa1a elementor-widget elementor-widget-heading\" data-id=\"16ccfa1a\" data-element_type=\"widget\" data-widget_type=\"heading.default\">\n\t\t\t\t<div class=\"elementor-widget-container\">\n\t\t\t\t\t<h2 class=\"elementor-heading-title elementor-size-default\">Sobre n\u00f3s<\/h2>\t\t\t\t<\/div>\n\t\t\t\t<\/div>\n\t\t\t\t<div class=\"elementor-element elementor-element-aa21f56 elementor-widget elementor-widget-text-editor\" data-id=\"aa21f56\" data-element_type=\"widget\" data-widget_type=\"text-editor.default\">\n\t\t\t\t<div class=\"elementor-widget-container\">\n\t\t\t\t\t\t\t\t\t<p><strong>Saja e.V, acr\u00f4nimo em alem\u00e3o para Grupo de Estudo e de Trabalho Joanna de \u00c2ngelis, \u00e9 uma associa\u00e7\u00e3o sem fins lucrativos, formada por esp\u00edritas e pessoas que se interessam por quest\u00f5es fundamentais da humanidade.<\/strong><\/p>\n<p>Somos membros da <a href=\"https:\/\/www.spiritismus-dsv.de\/\" target=\"_blank\" rel=\"noopener\">Associa\u00e7\u00e3o Esp\u00edrita Alem\u00e3<\/a>.<\/p>\n<p>Como esp\u00edritas, em um \u00e2mbito mais filos\u00f3fico, estamos procurando\nrespostas para as perguntas:<\/p>\n<ul>\n<li>Quem sou eu?<\/li>\n<li>De onde vim?<\/li>\n<li>Para onde estou indo?<\/li>\n<li>Por que sofremos?<\/li>\n<li>Por que as crian\u00e7as t\u00eam que sofrer e por que muitas crian\u00e7as\nmorrem?<\/li>\n<li>H\u00e1 vida ap\u00f3s a morte? Em caso afirmativo, como \u00e9 a vida ap\u00f3s a morte?<\/li>\n<\/ul>\n<p>Encontramos as respostas para essas e outras perguntas nas obras b\u00e1sicas do Espiritismo resumidas por Allan Kardec. Atrav\u00e9s dos nossos grupos de estudo, cursos e palestras aprofundamos temas como a imortalidade da alma e sua continua\u00e7\u00e3o ap\u00f3s a morte, nosso prop\u00f3sito na Terra e o processo de desenvolvimento atrav\u00e9s da reencarna\u00e7\u00e3o, nosso relacionamento com Deus e com os seres do mundo espiritual, e as leis morais e f\u00edsicas que regem nossas vidas. Buscamos tamb\u00e9m aprofundar nosso autoconhecimento, para nos tornarmos pessoas mais equilibradas f\u00edsica, espiritual e emocionalmente e mais respeitosas e am\u00e1veis com n\u00f3s mesmos, com os outros, com a natureza e o mundo.<\/p>\n<p>N\u00f3s, crist\u00e3os, aprendemos e rezamos juntos e damos as boas-vindas a todas as pessoas de qualquer cren\u00e7a e tamb\u00e9m aos que n\u00e3o possuem nenhuma.<\/p>\n<p>Utilizamos como refer\u00eancias livros que tratam do mundo espiritual e tamb\u00e9m obras de para autodesenvolvimento. S\u00e3o autores\/meios de comunica\u00e7\u00e3o importantes: Allan Kardec, Francisco C\u00e2ndido Xavier, Divaldo Pereira Franco e do mundo espiritual, por exemplo, Emmanuel, Joanna de \u00c2ngelis, Andr\u00e9 Luiz.<\/p>\n<p>Oferecemos aconselhamento na \u00e1rea de assist\u00eancia fraternal, damos energia por meio da t\u00e9cnica de imposi\u00e7\u00e3o de m\u00e3os, que chamamos de \"Passe\", que contribui para o fortalecimento da pessoa e para uma atitude positiva em rela\u00e7\u00e3o \u00e0 vida.<\/p>\t\t\t\t\t\t\t\t<\/div>\n\t\t\t\t<\/div>\n\t\t\t\t<section class=\"elementor-section elementor-inner-section elementor-element elementor-element-c19688b elementor-section-boxed elementor-section-height-default elementor-section-height-default\" data-id=\"c19688b\" data-element_type=\"section\">\n\t\t\t\t\t\t<div class=\"elementor-container elementor-column-gap-default\">\n\t\t\t\t\t<div class=\"elementor-column elementor-col-50 elementor-inner-column elementor-element elementor-element-3031a8d\" data-id=\"3031a8d\" data-element_type=\"column\">\n\t\t\t<div class=\"elementor-widget-wrap elementor-element-populated\">\n\t\t\t\t\t\t<div class=\"elementor-element elementor-element-129ff5c elementor-widget__width-initial elementor-view-default elementor-position-top elementor-mobile-position-top elementor-widget elementor-widget-icon-box\" data-id=\"129ff5c\" data-element_type=\"widget\" data-widget_type=\"icon-box.default\">\n\t\t\t\t<div class=\"elementor-widget-container\">\n\t\t\t\t\t\t\t<div class=\"elementor-icon-box-wrapper\">\n\n\t\t\t\t\t\t<div class=\"elementor-icon-box-icon\">\n\t\t\t\t<span  class=\"elementor-icon\">\n\t\t\t\t<i aria-hidden=\"true\" class=\"fab fa-youtube\"><\/i>\t\t\t\t<\/span>\n\t\t\t<\/div>\n\t\t\t\n\t\t\t\t\t\t<div class=\"elementor-icon-box-content\">\n\n\t\t\t\t\t\t\t\t\t<h3 class=\"elementor-icon-box-title\">\n\t\t\t\t\t\t<span  >\n\t\t\t\t\t\t\tYouTube\t\t\t\t\t\t<\/span>\n\t\t\t\t\t<\/h3>\n\t\t\t\t\n\t\t\t\t\t\t\t\t\t<p class=\"elementor-icon-box-description\">\n\t\t\t\t\t\t<span style=\"font-weight: bold\"><span style=\"color: #ecb611\"><a href=\"https:\/\/www.youtube.com\/@sajaberlin5016\" target=\"_blank\" rel=\"noopener\">SAJA Berlin Deutsch<\/a> <img decoding=\"async\" role=\"img\" class=\"emoji\" alt=\"\ud83c\udde9\ud83c\uddea\" src=\"https:\/\/s.w.org\/images\/core\/emoji\/16.0.1\/svg\/1f1e9-1f1ea.svg\">\n<br><\/span><\/span><a style=\"color: #ecb611;font-weight: bold\" href=\"https:\/\/www.youtube.com\/@sajaberlin1786\" target=\"_blank\" rel=\"noopener\">SAJA Berlin Portugu\u00eas<\/a> <img decoding=\"async\" role=\"img\" class=\"emoji\" alt=\"\ud83c\udde7\ud83c\uddf7\" src=\"https:\/\/s.w.org\/images\/core\/emoji\/16.0.1\/svg\/1f1e7-1f1f7.svg\">\t\t\t\t\t<\/p>\n\t\t\t\t\n\t\t\t<\/div>\n\t\t\t\n\t\t<\/div>\n\t\t\t\t\t\t<\/div>\n\t\t\t\t<\/div>\n\t\t\t\t\t<\/div>\n\t\t<\/div>\n\t\t\t\t<div class=\"elementor-column elementor-col-50 elementor-inner-column elementor-element elementor-element-95ba676\" data-id=\"95ba676\" data-element_type=\"column\">\n\t\t\t<div class=\"elementor-widget-wrap elementor-element-populated\">\n\t\t\t\t\t\t<div class=\"elementor-element elementor-element-ac899c5 elementor-widget__width-initial elementor-view-default elementor-position-top elementor-mobile-position-top elementor-widget elementor-widget-icon-box\" data-id=\"ac899c5\" data-element_type=\"widget\" data-widget_type=\"icon-box.default\">\n\t\t\t\t<div class=\"elementor-widget-container\">\n\t\t\t\t\t\t\t<div class=\"elementor-icon-box-wrapper\">\n\n\t\t\t\t\t\t<div class=\"elementor-icon-box-icon\">\n\t\t\t\t<span  class=\"elementor-icon\">\n\t\t\t\t<i aria-hidden=\"true\" class=\"fab fa-instagram\"><\/i>\t\t\t\t<\/span>\n\t\t\t<\/div>\n\t\t\t\n\t\t\t\t\t\t<div class=\"elementor-icon-box-content\">\n\n\t\t\t\t\t\t\t\t\t<h3 class=\"elementor-icon-box-title\">\n\t\t\t\t\t\t<span  >\n\t\t\t\t\t\t\tInstagram\t\t\t\t\t\t<\/span>\n\t\t\t\t\t<\/h3>\n\t\t\t\t\n\t\t\t\t\t\t\t\t\t<p class=\"elementor-icon-box-description\">\n\t\t\t\t\t\t<span style=\"font-weight: bold\"><span style=\"color: #ecb611\"><a href=\"https:\/\/www.instagram.com\/saja_berlin\/\" target=\"_blank\" rel=\"noopener\">@saja_berlin<\/a><\/span><\/span>\t\t\t\t\t<\/p>\n\t\t\t\t\n\t\t\t<\/div>\n\t\t\t\n\t\t<\/div>\n\t\t\t\t\t\t<\/div>\n\t\t\t\t<\/div>\n\t\t\t\t\t<\/div>\n\t\t<\/div>\n\t\t\t\t\t<\/div>\n\t\t<\/section>\n\t\t\t\t\t<\/div>\n\t\t<\/div>\n\t\t\t\t\t<\/div>\n\t\t<\/section>\n\t\t\t\t<section class=\"elementor-section elementor-top-section elementor-element elementor-element-6e16ffff elementor-section-boxed elementor-section-height-default elementor-section-height-default\" data-id=\"6e16ffff\" data-element_type=\"section\" data-settings=\"{&quot;background_background&quot;:&quot;classic&quot;}\">\n\t\t\t\t\t\t\t<div class=\"elementor-background-overlay\"><\/div>\n\t\t\t\t\t\t\t<div class=\"elementor-container elementor-column-gap-default\">\n\t\t\t\t\t<div class=\"elementor-column elementor-col-100 elementor-top-column elementor-element elementor-element-38279eac\" data-id=\"38279eac\" data-element_type=\"column\">\n\t\t\t<div class=\"elementor-widget-wrap elementor-element-populated\">\n\t\t\t\t\t\t<div class=\"elementor-element elementor-element-472dd5c2 elementor-widget elementor-widget-heading\" data-id=\"472dd5c2\" data-element_type=\"widget\" data-widget_type=\"heading.default\">\n\t\t\t\t<div class=\"elementor-widget-container\">\n\t\t\t\t\t<h4 class=\"elementor-heading-title elementor-size-default\">\"A paz dentro de Vossa Excel\u00eancia ajudar\u00e1 a trazer a paz ao mundo\".\n<\/h4>\t\t\t\t<\/div>\n\t\t\t\t<\/div>\n\t\t\t\t<div class=\"elementor-element elementor-element-25359a1d elementor-widget elementor-widget-heading\" data-id=\"25359a1d\" data-element_type=\"widget\" data-widget_type=\"heading.default\">\n\t\t\t\t<div class=\"elementor-widget-container\">\n\t\t\t\t\t<h4 class=\"elementor-heading-title elementor-size-default\">Joanna de \u00c2ngelis<\/h4>\t\t\t\t<\/div>\n\t\t\t\t<\/div>\n\t\t\t\t<div class=\"elementor-element elementor-element-c4d2704 elementor-widget__width-initial elementor-absolute elementor-widget elementor-widget-spacer\" data-id=\"c4d2704\" data-element_type=\"widget\" data-settings=\"{&quot;_position&quot;:&quot;absolute&quot;}\" data-widget_type=\"spacer.default\">\n\t\t\t\t<div class=\"elementor-widget-container\">\n\t\t\t\t\t\t\t<div class=\"elementor-spacer\">\n\t\t\t<div class=\"elementor-spacer-inner\"><\/div>\n\t\t<\/div>\n\t\t\t\t\t\t<\/div>\n\t\t\t\t<\/div>\n\t\t\t\t\t<\/div>\n\t\t<\/div>\n\t\t\t\t\t<\/div>\n\t\t<\/section>\n\t\t\t\t<\/div>","protected":false},"excerpt":{"rendered":"<p>SAJA e.V. Sobre a SAJA e.V. Sobre n\u00f3s Saja e.V, o Grupo de Estudos e Trabalho Joanna de Angelis, \u00e9 uma organiza\u00e7\u00e3o sem fins lucrativos de espiritualistas e pessoas espiritualmente interessadas que se preocupam com as quest\u00f5es fundamentais da humanidade. Como associa\u00e7\u00e3o, somos membros da Associa\u00e7\u00e3o Esp\u00edrita Alem\u00e3. Como espiritualistas e pessoas espiritualmente interessadas, buscamos respostas para [...]<\/p>","protected":false},"author":1,"featured_media":0,"parent":0,"menu_order":0,"comment_status":"closed","ping_status":"closed","template":"","meta":{"site-sidebar-layout":"no-sidebar","site-content-layout":"page-builder","ast-site-content-layout":"default","site-content-style":"default","site-sidebar-style":"default","ast-global-header-display":"","ast-banner-title-visibility":"","ast-main-header-display":"","ast-hfb-above-header-display":"","ast-hfb-below-header-display":"","ast-hfb-mobile-header-display":"","site-post-title":"disabled","ast-breadcrumbs-content":"","ast-featured-img":"disabled","footer-sml-layout":"","theme-transparent-header-meta":"","adv-header-id-meta":"","stick-header-meta":"","header-above-stick-meta":"","header-main-stick-meta":"","header-below-stick-meta":"","astra-migrate-meta-layouts":"default","ast-page-background-enabled":"default","ast-page-background-meta":{"desktop":{"background-color":"var(--ast-global-color-4)","background-image":"","background-repeat":"repeat","background-position":"center center","background-size":"auto","background-attachment":"scroll","background-type":"","background-media":"","overlay-type":"","overlay-color":"","overlay-opacity":"","overlay-gradient":""},"tablet":{"background-color":"","background-image":"","background-repeat":"repeat","background-position":"center center","background-size":"auto","background-attachment":"scroll","background-type":"","background-media":"","overlay-type":"","overlay-color":"","overlay-opacity":"","overlay-gradient":""},"mobile":{"background-color":"","background-image":"","background-repeat":"repeat","background-position":"center center","background-size":"auto","background-attachment":"scroll","background-type":"","background-media":"","overlay-type":"","overlay-color":"","overlay-opacity":"","overlay-gradient":""}},"ast-content-background-meta":{"desktop":{"background-color":"var(--ast-global-color-5)","background-image":"","background-repeat":"repeat","background-position":"center center","background-size":"auto","background-attachment":"scroll","background-type":"","background-media":"","overlay-type":"","overlay-color":"","overlay-opacity":"","overlay-gradient":""},"tablet":{"background-color":"var(--ast-global-color-5)","background-image":"","background-repeat":"repeat","background-position":"center center","background-size":"auto","background-attachment":"scroll","background-type":"","background-media":"","overlay-type":"","overlay-color":"","overlay-opacity":"","overlay-gradient":""},"mobile":{"background-color":"var(--ast-global-color-5)","background-image":"","background-repeat":"repeat","background-position":"center center","background-size":"auto","background-attachment":"scroll","background-type":"","background-media":"","overlay-type":"","overlay-color":"","overlay-opacity":"","overlay-gradient":""}},"footnotes":""},"class_list":["post-820","page","type-page","status-publish","hentry"],"_links":{"self":[{"href":"https:\/\/sajaberlin.com\/pt\/wp-json\/wp\/v2\/pages\/820","targetHints":{"allow":["GET"]}}],"collection":[{"href":"https:\/\/sajaberlin.com\/pt\/wp-json\/wp\/v2\/pages"}],"about":[{"href":"https:\/\/sajaberlin.com\/pt\/wp-json\/wp\/v2\/types\/page"}],"author":[{"embeddable":true,"href":"https:\/\/sajaberlin.com\/pt\/wp-json\/wp\/v2\/users\/1"}],"replies":[{"embeddable":true,"href":"https:\/\/sajaberlin.com\/pt\/wp-json\/wp\/v2\/comments?post=820"}],"version-history":[{"count":10,"href":"https:\/\/sajaberlin.com\/pt\/wp-json\/wp\/v2\/pages\/820\/revisions"}],"predecessor-version":[{"id":3455,"href":"https:\/\/sajaberlin.com\/pt\/wp-json\/wp\/v2\/pages\/820\/revisions\/3455"}],"wp:attachment":[{"href":"https:\/\/sajaberlin.com\/pt\/wp-json\/wp\/v2\/media?parent=820"}],"curies":[{"name":"wp","href":"https:\/\/api.w.org\/{rel}","templated":true}]}}